{"id":157,"date":"2019-10-27T10:45:43","date_gmt":"2019-10-27T10:45:43","guid":{"rendered":"http:\/\/fasfowod.de\/?page_id=157"},"modified":"2019-10-27T11:06:30","modified_gmt":"2019-10-27T11:06:30","slug":"info","status":"publish","type":"page","link":"https:\/\/fasfowod.de\/","title":{"rendered":"Info"},"content":{"rendered":"\n<p>Die <strong>Fasfowod Stringband<\/strong> hat sich der \u201aStringband-Musik\u2019 des s\u00fcdwestlichen Pazifiks verschrieben und in Deutschland den eigent\u00fcmlichen melanesisch-deutschen Party-Groove erstmalig live h\u00f6rbar gemacht. Akustische Gitarren, eine geschnitzte Ukulele, ein Teekistenbass und selbst gebaute Percussion-Instrumente aus Badelatschen und Kronkorken bilden die musikalische Basis f\u00fcr die mehrstimmigen, ohrenschmeichelnden Gesangslinien, die oft merkw\u00fcrdig vertraut und doch fremd anmuten. Die meisten Liedtexte sind in Bislama verfasst, einem melanesischen Pidgin. Sie erz\u00e4hlen von Liebesgeschichten, Moskitos und dem Leben auf den Inseln. Zum Repertoire der Fasfowod Stringband geh\u00f6ren neben den Original-Stringbandst\u00fccken aus Vanuatu auch Adaptionen von melanesischem Reggae. Seichter als das Pendant aus der Karibik, eignet sich der pazifische Reggae hervorragend f\u00fcr die Besetzung der Stringband. Erdig-unplugged, ohne Schn\u00f6rkel und technische Spielerei \u2013 einfach \u2018grassroots reggae\u2019. <\/p>\n\n\n\n<figure class=\"wp-block-image\"><img loading=\"lazy\" decoding=\"async\" width=\"1024\" height=\"683\" src=\"http:\/\/fasfowod.de\/wp-content\/uploads\/2019\/10\/Fasfowod-OD-2015_03_05-18_45_02-UTC-1024x683.jpg\" alt=\"\" class=\"wp-image-168\" srcset=\"https:\/\/fasfowod.de\/wp-content\/uploads\/2019\/10\/Fasfowod-OD-2015_03_05-18_45_02-UTC-1024x683.jpg 1024w, https:\/\/fasfowod.de\/wp-content\/uploads\/2019\/10\/Fasfowod-OD-2015_03_05-18_45_02-UTC-300x200.jpg 300w, https:\/\/fasfowod.de\/wp-content\/uploads\/2019\/10\/Fasfowod-OD-2015_03_05-18_45_02-UTC-768x512.jpg 768w, https:\/\/fasfowod.de\/wp-content\/uploads\/2019\/10\/Fasfowod-OD-2015_03_05-18_45_02-UTC-1200x800.jpg 1200w\" sizes=\"auto, (max-width: 709px) 85vw, (max-width: 909px) 67vw, (max-width: 1362px) 62vw, 840px\" \/><\/figure>\n\n\n\n<p><a href=\"http:\/\/fasfowod.de\/wp-content\/uploads\/2019\/10\/Infotext-FASFOWOD.pdf\">Pressetext<\/a> &#8211; <a href=\"http:\/\/fasfowod.de\/wp-content\/uploads\/2019\/10\/Band-orange-day-2015_03_05-18_45_02-UTC.jpg\">Pressefoto 1<\/a> &#8211; <a href=\"http:\/\/fasfowod.de\/wp-content\/uploads\/2019\/10\/Fasfowod-OD-2015_03_05-18_45_02-UTC.jpg\">Pressefoto 2<\/a><\/p>\n","protected":false},"excerpt":{"rendered":"<p>Die Fasfowod Stringband hat sich der \u201aStringband-Musik\u2019 des s\u00fcdwestlichen Pazifiks verschrieben und in Deutschland den eigent\u00fcmlichen melanesisch-deutschen Party-Groove erstmalig live h\u00f6rbar gemacht. Akustische Gitarren, eine geschnitzte Ukulele, ein Teekistenbass und selbst gebaute Percussion-Instrumente aus Badelatschen und Kronkorken bilden die musikalische Basis f\u00fcr die mehrstimmigen, ohrenschmeichelnden Gesangslinien, die oft merkw\u00fcrdig vertraut und doch fremd anmuten. Die &hellip; <a href=\"https:\/\/fasfowod.de\/\" class=\"more-link\"><span class=\"screen-reader-text\">\u201eInfo\u201c <\/span>weiterlesen<\/a><\/p>\n","protected":false},"author":1,"featured_media":0,"parent":0,"menu_order":0,"comment_status":"closed","ping_status":"closed","template":"","meta":{"footnotes":""},"class_list":["post-157","page","type-page","status-publish","hentry"],"_links":{"self":[{"href":"https:\/\/fasfowod.de\/index.php?rest_route=\/wp\/v2\/pages\/157","targetHints":{"allow":["GET"]}}],"collection":[{"href":"https:\/\/fasfowod.de\/index.php?rest_route=\/wp\/v2\/pages"}],"about":[{"href":"https:\/\/fasfowod.de\/index.php?rest_route=\/wp\/v2\/types\/page"}],"author":[{"embeddable":true,"href":"https:\/\/fasfowod.de\/index.php?rest_route=\/wp\/v2\/users\/1"}],"replies":[{"embeddable":true,"href":"https:\/\/fasfowod.de\/index.php?rest_route=%2Fwp%2Fv2%2Fcomments&post=157"}],"version-history":[{"count":9,"href":"https:\/\/fasfowod.de\/index.php?rest_route=\/wp\/v2\/pages\/157\/revisions"}],"predecessor-version":[{"id":174,"href":"https:\/\/fasfowod.de\/index.php?rest_route=\/wp\/v2\/pages\/157\/revisions\/174"}],"wp:attachment":[{"href":"https:\/\/fasfowod.de\/index.php?rest_route=%2Fwp%2Fv2%2Fmedia&parent=157"}],"curies":[{"name":"wp","href":"https:\/\/api.w.org\/{rel}","templated":true}]}}